{"id":295,"date":"2021-04-08T13:33:20","date_gmt":"2021-04-08T13:33:20","guid":{"rendered":"https:\/\/dev.mediadome.at\/hasler-dach\/?page_id=295"},"modified":"2021-05-19T12:49:05","modified_gmt":"2021-05-19T12:49:05","slug":"impressum","status":"publish","type":"page","link":"https:\/\/hasler-dach.at\/index.php\/impressum\/","title":{"rendered":"Impressum"},"content":{"rendered":"\t\t<div data-elementor-type=\"wp-page\" data-elementor-id=\"295\" class=\"elementor elementor-295\" data-elementor-post-type=\"page\">\n\t\t\t\t\t\t<section data-particle_enable=\"false\" data-particle-mobile-disabled=\"false\" class=\"elementor-section elementor-top-section elementor-element elementor-element-94ea3b1 elementor-section-boxed elementor-section-height-default elementor-section-height-default\" data-id=\"94ea3b1\" data-element_type=\"section\" data-e-type=\"section\">\n\t\t\t\t\t\t<div class=\"elementor-container elementor-column-gap-default\">\n\t\t\t\t\t<div class=\"elementor-column elementor-col-100 elementor-top-column elementor-element elementor-element-1945fcc\" data-id=\"1945fcc\" data-element_type=\"column\" data-e-type=\"column\">\n\t\t\t<div class=\"elementor-widget-wrap elementor-element-populated\">\n\t\t\t\t\t\t<div class=\"elementor-element elementor-element-b1670fe elementor-widget elementor-widget-spacer\" data-id=\"b1670fe\" data-element_type=\"widget\" data-e-type=\"widget\" data-widget_type=\"spacer.default\">\n\t\t\t\t<div class=\"elementor-widget-container\">\n\t\t\t\t\t\t\t<div class=\"elementor-spacer\">\n\t\t\t<div class=\"elementor-spacer-inner\"><\/div>\n\t\t<\/div>\n\t\t\t\t\t\t<\/div>\n\t\t\t\t<\/div>\n\t\t\t\t<div class=\"elementor-element elementor-element-ddc9037 elementor-widget elementor-widget-menu-anchor\" data-id=\"ddc9037\" data-element_type=\"widget\" data-e-type=\"widget\" data-widget_type=\"menu-anchor.default\">\n\t\t\t\t<div class=\"elementor-widget-container\">\n\t\t\t\t\t\t\t<div class=\"elementor-menu-anchor\" id=\"impressum\"><\/div>\n\t\t\t\t\t\t<\/div>\n\t\t\t\t<\/div>\n\t\t\t\t<div class=\"elementor-element elementor-element-4cc1338 elementor-widget elementor-widget-heading\" data-id=\"4cc1338\" data-element_type=\"widget\" data-e-type=\"widget\" data-widget_type=\"heading.default\">\n\t\t\t\t<div class=\"elementor-widget-container\">\n\t\t\t\t\t<h2 class=\"elementor-heading-title elementor-size-default\">Impressum<\/h2>\t\t\t\t<\/div>\n\t\t\t\t<\/div>\n\t\t\t\t<div class=\"elementor-element elementor-element-e219c3c elementor-widget elementor-widget-spacer\" data-id=\"e219c3c\" data-element_type=\"widget\" data-e-type=\"widget\" data-widget_type=\"spacer.default\">\n\t\t\t\t<div class=\"elementor-widget-container\">\n\t\t\t\t\t\t\t<div class=\"elementor-spacer\">\n\t\t\t<div class=\"elementor-spacer-inner\"><\/div>\n\t\t<\/div>\n\t\t\t\t\t\t<\/div>\n\t\t\t\t<\/div>\n\t\t\t\t<div class=\"elementor-element elementor-element-b23bb3f elementor-widget elementor-widget-text-editor\" data-id=\"b23bb3f\" data-element_type=\"widget\" data-e-type=\"widget\" data-widget_type=\"text-editor.default\">\n\t\t\t\t<div class=\"elementor-widget-container\">\n\t\t\t\t\t\t\t\t\t<p><strong>Nadine Hasler GmbH<\/strong><br \/><strong>Dachdeckerei &amp; Spenglerei<\/strong><\/p><div class=\"impre_content_right\"><strong>Anschrift:<\/strong> Puchfeldsiedlung 12, 8811 Scheifling, \u00d6sterreich<\/div><div class=\"impre_content_right\"><div class=\"impre_content_left\"><strong>Tel.:<\/strong> <a href=\"tel:+43 664 17 84 354\">+43 664 17 84 354, <\/a><a href=\"tel:+43 664 46 17 600\">+43 664 46 17 600<\/a><\/div><div class=\"impre_content_left\"><strong>E-Mail:<\/strong> <a href=\"mailto:office@hasler-dach.at\" target=\"_blank\" rel=\"noopener\">office@hasler-dach.at, <\/a><a href=\"mailto:christian@hasler-dach.at\" target=\"_blank\" rel=\"noopener\">christian@hasler-dach.at<\/a><\/div><div class=\"impre_content_left\"><strong>Fax:<\/strong> +43 316 231123 8220<\/div><div>\u00a0<\/div><\/div><div class=\"impre_content_left\"><strong>Gesch\u00e4ftsf\u00fchrer:<\/strong> Hasler Christian<\/div><div class=\"impre_content_left\"><strong>Inhaber:<\/strong> Hasler Angelika und Haas Nadine<\/div><div class=\"impre_content_left\"><strong>UID:<\/strong> ATU68719318<\/div><div class=\"impre_content_left\"><strong>FN:<\/strong> 416382b<\/div><div>\u00a0<\/div><div class=\"impre_content_left\"><strong>Anwendbare Rechtsvorschriften<\/strong><\/div><div class=\"impre_content_left\"><strong>Firmenbuchgericht:<\/strong> Landesgericht Leoben<\/div><div><strong>Beh\u00f6rde:<\/strong> BH Murau<br \/><strong>Gewerbeordnung:<\/strong> <a href=\"http:\/\/www.ris.bka.gv.at\/\" target=\"_blank\" rel=\"noopener\">www.ris.bka.gv.at<\/a><\/div><div>Mitgliedschaft bei Wirtschaftskammer Steiermark<\/div><div>\u00a0<\/div><div><strong>Bankverbindung<\/strong><\/div><div>Raiffeisenbank Neumarkt-Scheifling<br \/><strong>IBAN:<\/strong> AT53 3840 2000 0002 4737<br \/><strong>BIC:<\/strong> RZSTAT2G402<\/div><div>\u00a0<\/div><p><strong>Haftungsausschluss:<\/strong> Der Autor \u00fcbernimmt keinerlei Gew\u00e4hr hinsichtlich der inhaltlichen Richtigkeit, Genauigkeit, Aktualit\u00e4t, Zuverl\u00e4ssigkeit und Vollst\u00e4ndigkeit der Informationen. Haftungsanspr\u00fcche gegen den Autor wegen Sch\u00e4den materieller oder immaterieller Art, welche aus dem Zugriff oder der Nutzung bzw. Nichtnutzung der ver\u00f6ffentlichten Informationen, durch Missbrauch der Verbindung oder durch technische St\u00f6rungen entstanden sind, werden ausgeschlossen. Alle Angebote sind unverbindlich. Der Autor beh\u00e4lt es sich ausdr\u00fccklich vor, Teile der Seiten oder das gesamte Angebot ohne gesonderte Ank\u00fcndigung zu ver\u00e4ndern, zu erg\u00e4nzen, zu l\u00f6schen oder die Ver\u00f6ffentlichung zeitweise oder endg\u00fcltig einzustellen.<\/p><p><strong>Haftung f\u00fcr Links:<\/strong> Verweise und Links auf Webseiten Dritter liegen ausserhalb unseres Verantwortungsbereichs Es wird jegliche Verantwortung f\u00fcr solche Webseiten abgelehnt. Der Zugriff und die Nutzung solcher Webseiten erfolgen auf eigene Gefahr des Nutzers oder der Nutzerin.<\/p><p><strong>Rechtliche Anmerkungen: <\/strong>Die Inhalte dieser Seite werden nach bestem Wissen und Gewissen zusammengestellt und es wird versucht, kein Material zu verwenden, das Urheberrechten Dritter unterliegt. Sollten doch in irgendeiner Weise bestehende Schutzrechte verletzt werden, wird das betreffende Material nach Mitteilung umgehend vom Server gel\u00f6scht. Sofern nicht anders angegeben, liegen die Urheberrechte der verwendeten Inhalte und Fotos beim Anbieter dieser Website.<\/p>\t\t\t\t\t\t\t\t<\/div>\n\t\t\t\t<\/div>\n\t\t\t\t<div class=\"elementor-element elementor-element-f6aef1a elementor-widget elementor-widget-spacer\" data-id=\"f6aef1a\" data-element_type=\"widget\" data-e-type=\"widget\" data-widget_type=\"spacer.default\">\n\t\t\t\t<div class=\"elementor-widget-container\">\n\t\t\t\t\t\t\t<div class=\"elementor-spacer\">\n\t\t\t<div class=\"elementor-spacer-inner\"><\/div>\n\t\t<\/div>\n\t\t\t\t\t\t<\/div>\n\t\t\t\t<\/div>\n\t\t\t\t\t<\/div>\n\t\t<\/div>\n\t\t\t\t\t<\/div>\n\t\t<\/section>\n\t\t\t\t<\/div>\n\t\t","protected":false},"excerpt":{"rendered":"<p>Impressum Nadine Hasler GmbHDachdeckerei &amp; Spenglerei Anschrift: Puchfeldsiedlung 12, 8811 Scheifling, \u00d6sterreichTel.: +43 664 17 84 354, +43 664 46 17 600E-Mail: office@hasler-dach.at, christian@hasler-dach.atFax: +43 316 231123 8220\u00a0Gesch\u00e4ftsf\u00fchrer: Hasler ChristianInhaber: Hasler Angelika und Haas NadineUID: ATU68719318FN: 416382b\u00a0Anwendbare RechtsvorschriftenFirmenbuchgericht: Landesgericht LeobenBeh\u00f6rde: BH MurauGewerbeordnung: www.ris.bka.gv.atMitgliedschaft bei Wirtschaftskammer Steiermark\u00a0BankverbindungRaiffeisenbank Neumarkt-ScheiflingIBAN: AT53 3840 2000 0002 4737BIC: RZSTAT2G402\u00a0 Haftungsausschluss: Der [&hellip;]<\/p>\n","protected":false},"author":1,"featured_media":0,"parent":0,"menu_order":0,"comment_status":"closed","ping_status":"closed","template":"","meta":{"footnotes":""},"class_list":["post-295","page","type-page","status-publish","hentry"],"yoast_head":"<!-- This site is optimized with the Yoast SEO plugin v27.0 - https:\/\/yoast.com\/product\/yoast-seo-wordpress\/ -->\n<title>Impressum - Hasler Dach<\/title>\n<meta name=\"robots\" content=\"index, follow, max-snippet:-1, max-image-preview:large, max-video-preview:-1\" \/>\n<link rel=\"canonical\" href=\"https:\/\/hasler-dach.at\/index.php\/impressum\/\" \/>\n<meta property=\"og:locale\" content=\"de_DE\" \/>\n<meta property=\"og:type\" content=\"article\" \/>\n<meta property=\"og:title\" content=\"Impressum - Hasler Dach\" \/>\n<meta property=\"og:description\" content=\"Impressum Nadine Hasler GmbHDachdeckerei &amp; Spenglerei Anschrift: Puchfeldsiedlung 12, 8811 Scheifling, \u00d6sterreichTel.: +43 664 17 84 354, +43 664 46 17 600E-Mail: office@hasler-dach.at, christian@hasler-dach.atFax: +43 316 231123 8220\u00a0Gesch\u00e4ftsf\u00fchrer: Hasler ChristianInhaber: Hasler Angelika und Haas NadineUID: ATU68719318FN: 416382b\u00a0Anwendbare RechtsvorschriftenFirmenbuchgericht: Landesgericht LeobenBeh\u00f6rde: BH MurauGewerbeordnung: www.ris.bka.gv.atMitgliedschaft bei Wirtschaftskammer Steiermark\u00a0BankverbindungRaiffeisenbank Neumarkt-ScheiflingIBAN: AT53 3840 2000 0002 4737BIC: RZSTAT2G402\u00a0 Haftungsausschluss: Der [&hellip;]\" \/>\n<meta property=\"og:url\" content=\"https:\/\/hasler-dach.at\/index.php\/impressum\/\" \/>\n<meta property=\"og:site_name\" content=\"Hasler Dach\" \/>\n<meta property=\"article:modified_time\" content=\"2021-05-19T12:49:05+00:00\" \/>\n<meta name=\"twitter:card\" content=\"summary_large_image\" \/>\n<meta name=\"twitter:label1\" content=\"Gesch\u00e4tzte Lesezeit\" \/>\n\t<meta name=\"twitter:data1\" content=\"2\u00a0Minuten\" \/>\n<script type=\"application\/ld+json\" class=\"yoast-schema-graph\">{\"@context\":\"https:\/\/schema.org\",\"@graph\":[{\"@type\":\"WebPage\",\"@id\":\"https:\/\/hasler-dach.at\/index.php\/impressum\/\",\"url\":\"https:\/\/hasler-dach.at\/index.php\/impressum\/\",\"name\":\"Impressum - Hasler Dach\",\"isPartOf\":{\"@id\":\"https:\/\/hasler-dach.at\/#website\"},\"datePublished\":\"2021-04-08T13:33:20+00:00\",\"dateModified\":\"2021-05-19T12:49:05+00:00\",\"breadcrumb\":{\"@id\":\"https:\/\/hasler-dach.at\/index.php\/impressum\/#breadcrumb\"},\"inLanguage\":\"de\",\"potentialAction\":[{\"@type\":\"ReadAction\",\"target\":[\"https:\/\/hasler-dach.at\/index.php\/impressum\/\"]}]},{\"@type\":\"BreadcrumbList\",\"@id\":\"https:\/\/hasler-dach.at\/index.php\/impressum\/#breadcrumb\",\"itemListElement\":[{\"@type\":\"ListItem\",\"position\":1,\"name\":\"Startseite\",\"item\":\"https:\/\/hasler-dach.at\/\"},{\"@type\":\"ListItem\",\"position\":2,\"name\":\"Impressum\"}]},{\"@type\":\"WebSite\",\"@id\":\"https:\/\/hasler-dach.at\/#website\",\"url\":\"https:\/\/hasler-dach.at\/\",\"name\":\"Hasler Dach\",\"description\":\"Dachdeckerei und Spenglerei - Gut geDACHT mit Hasler Dach!\",\"potentialAction\":[{\"@type\":\"SearchAction\",\"target\":{\"@type\":\"EntryPoint\",\"urlTemplate\":\"https:\/\/hasler-dach.at\/?s={search_term_string}\"},\"query-input\":{\"@type\":\"PropertyValueSpecification\",\"valueRequired\":true,\"valueName\":\"search_term_string\"}}],\"inLanguage\":\"de\"}]}<\/script>\n<!-- \/ Yoast SEO plugin. -->","yoast_head_json":{"title":"Impressum - Hasler Dach","robots":{"index":"index","follow":"follow","max-snippet":"max-snippet:-1","max-image-preview":"max-image-preview:large","max-video-preview":"max-video-preview:-1"},"canonical":"https:\/\/hasler-dach.at\/index.php\/impressum\/","og_locale":"de_DE","og_type":"article","og_title":"Impressum - Hasler Dach","og_description":"Impressum Nadine Hasler GmbHDachdeckerei &amp; Spenglerei Anschrift: Puchfeldsiedlung 12, 8811 Scheifling, \u00d6sterreichTel.: +43 664 17 84 354, +43 664 46 17 600E-Mail: office@hasler-dach.at, christian@hasler-dach.atFax: +43 316 231123 8220\u00a0Gesch\u00e4ftsf\u00fchrer: Hasler ChristianInhaber: Hasler Angelika und Haas NadineUID: ATU68719318FN: 416382b\u00a0Anwendbare RechtsvorschriftenFirmenbuchgericht: Landesgericht LeobenBeh\u00f6rde: BH MurauGewerbeordnung: www.ris.bka.gv.atMitgliedschaft bei Wirtschaftskammer Steiermark\u00a0BankverbindungRaiffeisenbank Neumarkt-ScheiflingIBAN: AT53 3840 2000 0002 4737BIC: RZSTAT2G402\u00a0 Haftungsausschluss: Der [&hellip;]","og_url":"https:\/\/hasler-dach.at\/index.php\/impressum\/","og_site_name":"Hasler Dach","article_modified_time":"2021-05-19T12:49:05+00:00","twitter_card":"summary_large_image","twitter_misc":{"Gesch\u00e4tzte Lesezeit":"2\u00a0Minuten"},"schema":{"@context":"https:\/\/schema.org","@graph":[{"@type":"WebPage","@id":"https:\/\/hasler-dach.at\/index.php\/impressum\/","url":"https:\/\/hasler-dach.at\/index.php\/impressum\/","name":"Impressum - Hasler Dach","isPartOf":{"@id":"https:\/\/hasler-dach.at\/#website"},"datePublished":"2021-04-08T13:33:20+00:00","dateModified":"2021-05-19T12:49:05+00:00","breadcrumb":{"@id":"https:\/\/hasler-dach.at\/index.php\/impressum\/#breadcrumb"},"inLanguage":"de","potentialAction":[{"@type":"ReadAction","target":["https:\/\/hasler-dach.at\/index.php\/impressum\/"]}]},{"@type":"BreadcrumbList","@id":"https:\/\/hasler-dach.at\/index.php\/impressum\/#breadcrumb","itemListElement":[{"@type":"ListItem","position":1,"name":"Startseite","item":"https:\/\/hasler-dach.at\/"},{"@type":"ListItem","position":2,"name":"Impressum"}]},{"@type":"WebSite","@id":"https:\/\/hasler-dach.at\/#website","url":"https:\/\/hasler-dach.at\/","name":"Hasler Dach","description":"Dachdeckerei und Spenglerei - Gut geDACHT mit Hasler Dach!","potentialAction":[{"@type":"SearchAction","target":{"@type":"EntryPoint","urlTemplate":"https:\/\/hasler-dach.at\/?s={search_term_string}"},"query-input":{"@type":"PropertyValueSpecification","valueRequired":true,"valueName":"search_term_string"}}],"inLanguage":"de"}]}},"_links":{"self":[{"href":"https:\/\/hasler-dach.at\/index.php\/wp-json\/wp\/v2\/pages\/295","targetHints":{"allow":["GET"]}}],"collection":[{"href":"https:\/\/hasler-dach.at\/index.php\/wp-json\/wp\/v2\/pages"}],"about":[{"href":"https:\/\/hasler-dach.at\/index.php\/wp-json\/wp\/v2\/types\/page"}],"author":[{"embeddable":true,"href":"https:\/\/hasler-dach.at\/index.php\/wp-json\/wp\/v2\/users\/1"}],"replies":[{"embeddable":true,"href":"https:\/\/hasler-dach.at\/index.php\/wp-json\/wp\/v2\/comments?post=295"}],"version-history":[{"count":3,"href":"https:\/\/hasler-dach.at\/index.php\/wp-json\/wp\/v2\/pages\/295\/revisions"}],"predecessor-version":[{"id":908,"href":"https:\/\/hasler-dach.at\/index.php\/wp-json\/wp\/v2\/pages\/295\/revisions\/908"}],"wp:attachment":[{"href":"https:\/\/hasler-dach.at\/index.php\/wp-json\/wp\/v2\/media?parent=295"}],"curies":[{"name":"wp","href":"https:\/\/api.w.org\/{rel}","templated":true}]}}